{"id":142,"date":"2026-03-15T11:30:16","date_gmt":"2026-03-15T08:30:16","guid":{"rendered":"https:\/\/neodizayn.biz.tr\/?page_id=142"},"modified":"2026-03-16T00:25:49","modified_gmt":"2026-03-15T21:25:49","slug":"iletisim","status":"publish","type":"page","link":"http:\/\/eegarage.com.tr\/index.php\/iletisim\/","title":{"rendered":"\u0130leti\u015fim"},"content":{"rendered":"\t\t<div data-elementor-type=\"wp-page\" data-elementor-id=\"142\" class=\"elementor elementor-142\" data-elementor-post-type=\"page\">\n\t\t\t\t\t\t<section class=\"elementor-section elementor-top-section elementor-element elementor-element-c0a329b elementor-section-boxed elementor-section-height-default elementor-section-height-default\" data-id=\"c0a329b\" data-element_type=\"section\" data-e-type=\"section\">\n\t\t\t\t\t\t<div class=\"elementor-container elementor-column-gap-default\">\n\t\t\t\t\t<div class=\"elementor-column elementor-col-50 elementor-top-column elementor-element elementor-element-2272de2\" data-id=\"2272de2\" data-element_type=\"column\" data-e-type=\"column\">\n\t\t\t<div class=\"elementor-widget-wrap elementor-element-populated\">\n\t\t\t\t\t\t<div class=\"elementor-element elementor-element-05a31fc elementor-widget elementor-widget-image\" data-id=\"05a31fc\" data-element_type=\"widget\" data-e-type=\"widget\" data-widget_type=\"image.default\">\n\t\t\t\t<div class=\"elementor-widget-container\">\n\t\t\t\t\t\t\t\t\t\t\t\t\t\t\t<img fetchpriority=\"high\" decoding=\"async\" width=\"1024\" height=\"461\" src=\"http:\/\/eegarage.com.tr\/wp-content\/uploads\/2026\/03\/WhatsApp-Image-2026-03-05-at-17.58.32-1024x461.jpeg\" class=\"attachment-large size-large wp-image-143\" alt=\"\" srcset=\"http:\/\/eegarage.com.tr\/wp-content\/uploads\/2026\/03\/WhatsApp-Image-2026-03-05-at-17.58.32-1024x461.jpeg 1024w, http:\/\/eegarage.com.tr\/wp-content\/uploads\/2026\/03\/WhatsApp-Image-2026-03-05-at-17.58.32-300x135.jpeg 300w, http:\/\/eegarage.com.tr\/wp-content\/uploads\/2026\/03\/WhatsApp-Image-2026-03-05-at-17.58.32-768x346.jpeg 768w, http:\/\/eegarage.com.tr\/wp-content\/uploads\/2026\/03\/WhatsApp-Image-2026-03-05-at-17.58.32-1536x691.jpeg 1536w, http:\/\/eegarage.com.tr\/wp-content\/uploads\/2026\/03\/WhatsApp-Image-2026-03-05-at-17.58.32.jpeg 1600w\" sizes=\"(max-width: 1024px) 100vw, 1024px\" \/>\t\t\t\t\t\t\t\t\t\t\t\t\t\t\t<\/div>\n\t\t\t\t<\/div>\n\t\t\t\t\t<\/div>\n\t\t<\/div>\n\t\t\t\t<div class=\"elementor-column elementor-col-50 elementor-top-column elementor-element elementor-element-c25e2ba\" data-id=\"c25e2ba\" data-element_type=\"column\" data-e-type=\"column\">\n\t\t\t<div class=\"elementor-widget-wrap elementor-element-populated\">\n\t\t\t\t\t\t<div class=\"elementor-element elementor-element-e929544 elementor-widget elementor-widget-text-editor\" data-id=\"e929544\" data-element_type=\"widget\" data-e-type=\"widget\" data-widget_type=\"text-editor.default\">\n\t\t\t\t<div class=\"elementor-widget-container\">\n\t\t\t\t\t\t\t\t\t<figure class=\"wp-block-image\"><img decoding=\"async\" class=\"wp-image-49\" src=\"http:\/\/eegarage.com.tr\/wp-content\/themes\/ovation-car-wash\/images\/location.png\" alt=\"\" \/><\/figure><p>Pa\u015fa Alan\u0131, 20. Sk., 10020 Yeni Sanayi\/Bal\u0131kesir<\/p><figure class=\"wp-block-image\"><img decoding=\"async\" class=\"wp-image-49\" src=\"http:\/\/eegarage.com.tr\/wp-content\/themes\/ovation-car-wash\/images\/mail.png\" alt=\"\" \/><\/figure><p><span style=\"background-color: #e9eef6; color: #1f1f1f; font-family: 'Google Sans', Roboto; font-size: 14px; text-align: center;\">eegarage10@gmail.com<\/span><\/p><figure class=\"wp-block-image\"><img decoding=\"async\" class=\"wp-image-49\" src=\"http:\/\/eegarage.com.tr\/wp-content\/themes\/ovation-car-wash\/images\/call.png\" alt=\"\" \/><\/figure><p>(+90)506 277 63 17<\/p>\t\t\t\t\t\t\t\t<\/div>\n\t\t\t\t<\/div>\n\t\t\t\t\t<\/div>\n\t\t<\/div>\n\t\t\t\t\t<\/div>\n\t\t<\/section>\n\t\t\t\t<section class=\"elementor-section elementor-top-section elementor-element elementor-element-6684ed0 elementor-section-boxed elementor-section-height-default elementor-section-height-default\" data-id=\"6684ed0\" data-element_type=\"section\" data-e-type=\"section\">\n\t\t\t\t\t\t<div class=\"elementor-container elementor-column-gap-default\">\n\t\t\t\t\t<div class=\"elementor-column elementor-col-50 elementor-top-column elementor-element elementor-element-3117b50\" data-id=\"3117b50\" data-element_type=\"column\" data-e-type=\"column\">\n\t\t\t<div class=\"elementor-widget-wrap elementor-element-populated\">\n\t\t\t\t\t\t<div class=\"elementor-element elementor-element-6a243f0 elementor-button-align-stretch elementor-widget elementor-widget-form\" data-id=\"6a243f0\" data-element_type=\"widget\" data-e-type=\"widget\" data-settings=\"{&quot;step_next_label&quot;:&quot;Next&quot;,&quot;step_previous_label&quot;:&quot;Previous&quot;,&quot;button_width&quot;:&quot;100&quot;,&quot;step_type&quot;:&quot;number_text&quot;,&quot;step_icon_shape&quot;:&quot;circle&quot;}\" data-widget_type=\"form.default\">\n\t\t\t\t<div class=\"elementor-widget-container\">\n\t\t\t\t\t\t\t<form class=\"elementor-form\" method=\"post\" name=\"New Form\">\n\t\t\t<input type=\"hidden\" name=\"post_id\" value=\"142\"\/>\n\t\t\t<input type=\"hidden\" name=\"form_id\" value=\"6a243f0\"\/>\n\t\t\t<input type=\"hidden\" name=\"referer_title\" value=\"EE Garage\" \/>\n\n\t\t\t\n\t\t\t<div class=\"elementor-form-fields-wrapper elementor-labels-above\">\n\t\t\t\t\t\t\t\t<div class=\"elementor-field-type-text elementor-field-group elementor-column elementor-field-group-name elementor-col-100\">\n\t\t\t\t\t\t\t\t\t\t\t\t<label for=\"form-field-name\" class=\"elementor-field-label\">\n\t\t\t\t\t\t\t\t\u0130sim\t\t\t\t\t\t\t<\/label>\n\t\t\t\t\t\t\t\t\t\t\t\t\t\t<input size=\"1\" type=\"text\" name=\"form_fields[name]\" id=\"form-field-name\" class=\"elementor-field elementor-size-sm  elementor-field-textual\" placeholder=\"\u0130sim\">\n\t\t\t\t\t\t\t\t\t\t\t<\/div>\n\t\t\t\t\t\t\t\t<div class=\"elementor-field-type-email elementor-field-group elementor-column elementor-field-group-email elementor-col-100 elementor-field-required\">\n\t\t\t\t\t\t\t\t\t\t\t\t<label for=\"form-field-email\" class=\"elementor-field-label\">\n\t\t\t\t\t\t\t\tEmail\t\t\t\t\t\t\t<\/label>\n\t\t\t\t\t\t\t\t\t\t\t\t\t\t<input size=\"1\" type=\"email\" name=\"form_fields[email]\" id=\"form-field-email\" class=\"elementor-field elementor-size-sm  elementor-field-textual\" placeholder=\"Email\" required=\"required\" aria-required=\"true\">\n\t\t\t\t\t\t\t\t\t\t\t<\/div>\n\t\t\t\t\t\t\t\t<div class=\"elementor-field-type-textarea elementor-field-group elementor-column elementor-field-group-message elementor-col-100\">\n\t\t\t\t\t\t\t\t\t\t\t\t<label for=\"form-field-message\" class=\"elementor-field-label\">\n\t\t\t\t\t\t\t\tMessage\t\t\t\t\t\t\t<\/label>\n\t\t\t\t\t\t<textarea class=\"elementor-field-textual elementor-field  elementor-size-sm\" name=\"form_fields[message]\" id=\"form-field-message\" rows=\"4\" placeholder=\"Message\"><\/textarea>\t\t\t\t<\/div>\n\t\t\t\t\t\t\t\t<div class=\"elementor-field-group elementor-column elementor-field-type-submit elementor-col-100 e-form__buttons\">\n\t\t\t\t\t<button type=\"submit\" class=\"elementor-button elementor-size-sm\">\n\t\t\t\t\t\t<span >\n\t\t\t\t\t\t\t\t\t\t\t\t\t\t\t<span class=\" elementor-button-icon\">\n\t\t\t\t\t\t\t\t\t\t\t\t\t\t\t\t\t\t\t\t\t\t\t\t\t\t<\/span>\n\t\t\t\t\t\t\t\t\t\t\t\t\t\t\t\t\t\t\t\t\t\t<span class=\"elementor-button-text\">Send<\/span>\n\t\t\t\t\t\t\t\t\t\t\t\t\t<\/span>\n\t\t\t\t\t<\/button>\n\t\t\t\t<\/div>\n\t\t\t<\/div>\n\t\t<\/form>\n\t\t\t\t\t\t<\/div>\n\t\t\t\t<\/div>\n\t\t\t\t\t<\/div>\n\t\t<\/div>\n\t\t\t\t<div class=\"elementor-column elementor-col-50 elementor-top-column elementor-element elementor-element-4f0a00c\" data-id=\"4f0a00c\" data-element_type=\"column\" data-e-type=\"column\">\n\t\t\t<div class=\"elementor-widget-wrap elementor-element-populated\">\n\t\t\t\t\t\t<div class=\"elementor-element elementor-element-a98ce9f elementor-widget elementor-widget-image\" data-id=\"a98ce9f\" data-element_type=\"widget\" data-e-type=\"widget\" data-widget_type=\"image.default\">\n\t\t\t\t<div class=\"elementor-widget-container\">\n\t\t\t\t\t\t\t\t\t\t\t\t\t\t\t<img decoding=\"async\" width=\"1024\" height=\"461\" src=\"http:\/\/eegarage.com.tr\/wp-content\/uploads\/2026\/03\/WhatsApp-Image-2026-03-05-at-17.58.32-4-2-1024x461.jpeg\" class=\"attachment-large size-large wp-image-164\" alt=\"\" srcset=\"http:\/\/eegarage.com.tr\/wp-content\/uploads\/2026\/03\/WhatsApp-Image-2026-03-05-at-17.58.32-4-2-1024x461.jpeg 1024w, http:\/\/eegarage.com.tr\/wp-content\/uploads\/2026\/03\/WhatsApp-Image-2026-03-05-at-17.58.32-4-2-300x135.jpeg 300w, http:\/\/eegarage.com.tr\/wp-content\/uploads\/2026\/03\/WhatsApp-Image-2026-03-05-at-17.58.32-4-2-768x346.jpeg 768w, http:\/\/eegarage.com.tr\/wp-content\/uploads\/2026\/03\/WhatsApp-Image-2026-03-05-at-17.58.32-4-2-1536x691.jpeg 1536w, http:\/\/eegarage.com.tr\/wp-content\/uploads\/2026\/03\/WhatsApp-Image-2026-03-05-at-17.58.32-4-2.jpeg 1600w\" sizes=\"(max-width: 1024px) 100vw, 1024px\" \/>\t\t\t\t\t\t\t\t\t\t\t\t\t\t\t<\/div>\n\t\t\t\t<\/div>\n\t\t\t\t\t<\/div>\n\t\t<\/div>\n\t\t\t\t\t<\/div>\n\t\t<\/section>\n\t\t\t\t<section class=\"elementor-section elementor-top-section elementor-element elementor-element-6cd816d elementor-section-boxed elementor-section-height-default elementor-section-height-default\" data-id=\"6cd816d\" data-element_type=\"section\" data-e-type=\"section\">\n\t\t\t\t\t\t<div class=\"elementor-container elementor-column-gap-default\">\n\t\t\t\t\t<div class=\"elementor-column elementor-col-100 elementor-top-column elementor-element elementor-element-e2e6cfc\" data-id=\"e2e6cfc\" data-element_type=\"column\" data-e-type=\"column\">\n\t\t\t<div class=\"elementor-widget-wrap\">\n\t\t\t\t\t\t\t<\/div>\n\t\t<\/div>\n\t\t\t\t\t<\/div>\n\t\t<\/section>\n\t\t\t\t<section class=\"elementor-section elementor-top-section elementor-element elementor-element-3b3fa21 elementor-section-boxed elementor-section-height-default elementor-section-height-default\" data-id=\"3b3fa21\" data-element_type=\"section\" data-e-type=\"section\">\n\t\t\t\t\t\t<div class=\"elementor-container elementor-column-gap-default\">\n\t\t\t\t\t<div class=\"elementor-column elementor-col-100 elementor-top-column elementor-element elementor-element-c7d441c\" data-id=\"c7d441c\" data-element_type=\"column\" data-e-type=\"column\">\n\t\t\t<div class=\"elementor-widget-wrap elementor-element-populated\">\n\t\t\t\t\t\t<div class=\"elementor-element elementor-element-591c853 elementor-widget elementor-widget-google_maps\" data-id=\"591c853\" data-element_type=\"widget\" data-e-type=\"widget\" data-widget_type=\"google_maps.default\">\n\t\t\t\t<div class=\"elementor-widget-container\">\n\t\t\t\t\t\t\t<div class=\"elementor-custom-embed\">\n\t\t\t<iframe loading=\"lazy\"\n\t\t\t\t\tsrc=\"https:\/\/maps.google.com\/maps?q=Pa%C5%9Fa%20Alan%C4%B1%2C%2020.%20Sk.%2C%2010020%20Bal%C4%B1kesir%20Merkez%2FBal%C4%B1kesir%2C%20T%C3%BCrkiye&#038;t=m&#038;z=18&#038;output=embed&#038;iwloc=near\"\n\t\t\t\t\ttitle=\"Pa\u015fa Alan\u0131, 20. Sk., 10020 Bal\u0131kesir Merkez\/Bal\u0131kesir, T\u00fcrkiye\"\n\t\t\t\t\taria-label=\"Pa\u015fa Alan\u0131, 20. Sk., 10020 Bal\u0131kesir Merkez\/Bal\u0131kesir, T\u00fcrkiye\"\n\t\t\t><\/iframe>\n\t\t<\/div>\n\t\t\t\t\t\t<\/div>\n\t\t\t\t<\/div>\n\t\t\t\t\t<\/div>\n\t\t<\/div>\n\t\t\t\t\t<\/div>\n\t\t<\/section>\n\t\t\t\t<\/div>\n\t\t","protected":false},"excerpt":{"rendered":"<p>Pa\u015fa Alan\u0131, 20. Sk., 10020 Yeni Sanayi\/Bal\u0131kesir eegarage10@gmail.com (+90)506 277 63 17<\/p>\n","protected":false},"author":1,"featured_media":0,"parent":0,"menu_order":0,"comment_status":"closed","ping_status":"closed","template":"","meta":{"_joinchat":[],"footnotes":""},"class_list":["post-142","page","type-page","status-publish","hentry"],"yoast_head":"<!-- This site is optimized with the Yoast SEO plugin v27.6 - https:\/\/yoast.com\/product\/yoast-seo-wordpress\/ -->\n<title>\u0130leti\u015fim - EE Garage<\/title>\n<meta name=\"robots\" content=\"index, follow, max-snippet:-1, max-image-preview:large, max-video-preview:-1\" \/>\n<link rel=\"canonical\" href=\"http:\/\/eegarage.com.tr\/index.php\/iletisim\/\" \/>\n<meta property=\"og:locale\" content=\"tr_TR\" \/>\n<meta property=\"og:type\" content=\"article\" \/>\n<meta property=\"og:title\" content=\"\u0130leti\u015fim - EE Garage\" \/>\n<meta property=\"og:description\" content=\"Pa\u015fa Alan\u0131, 20. Sk., 10020 Yeni Sanayi\/Bal\u0131kesir eegarage10@gmail.com (+90)506 277 63 17\" \/>\n<meta property=\"og:url\" content=\"http:\/\/eegarage.com.tr\/index.php\/iletisim\/\" \/>\n<meta property=\"og:site_name\" content=\"EE Garage\" \/>\n<meta property=\"article:modified_time\" content=\"2026-03-15T21:25:49+00:00\" \/>\n<meta property=\"og:image\" content=\"http:\/\/eegarage.com.tr\/wp-content\/uploads\/2026\/03\/WhatsApp-Image-2026-03-05-at-17.58.32-1024x461.jpeg\" \/>\n<meta name=\"twitter:card\" content=\"summary_large_image\" \/>\n<meta name=\"twitter:label1\" content=\"Tahmini okuma s\u00fcresi\" \/>\n\t<meta name=\"twitter:data1\" content=\"2 dakika\" \/>\n<script type=\"application\/ld+json\" class=\"yoast-schema-graph\">{\"@context\":\"https:\\\/\\\/schema.org\",\"@graph\":[{\"@type\":\"WebPage\",\"@id\":\"http:\\\/\\\/eegarage.com.tr\\\/index.php\\\/iletisim\\\/\",\"url\":\"http:\\\/\\\/eegarage.com.tr\\\/index.php\\\/iletisim\\\/\",\"name\":\"\u0130leti\u015fim - EE Garage\",\"isPartOf\":{\"@id\":\"http:\\\/\\\/eegarage.com.tr\\\/#website\"},\"primaryImageOfPage\":{\"@id\":\"http:\\\/\\\/eegarage.com.tr\\\/index.php\\\/iletisim\\\/#primaryimage\"},\"image\":{\"@id\":\"http:\\\/\\\/eegarage.com.tr\\\/index.php\\\/iletisim\\\/#primaryimage\"},\"thumbnailUrl\":\"http:\\\/\\\/eegarage.com.tr\\\/wp-content\\\/uploads\\\/2026\\\/03\\\/WhatsApp-Image-2026-03-05-at-17.58.32-1024x461.jpeg\",\"datePublished\":\"2026-03-15T08:30:16+00:00\",\"dateModified\":\"2026-03-15T21:25:49+00:00\",\"breadcrumb\":{\"@id\":\"http:\\\/\\\/eegarage.com.tr\\\/index.php\\\/iletisim\\\/#breadcrumb\"},\"inLanguage\":\"tr\",\"potentialAction\":[{\"@type\":\"ReadAction\",\"target\":[\"http:\\\/\\\/eegarage.com.tr\\\/index.php\\\/iletisim\\\/\"]}]},{\"@type\":\"ImageObject\",\"inLanguage\":\"tr\",\"@id\":\"http:\\\/\\\/eegarage.com.tr\\\/index.php\\\/iletisim\\\/#primaryimage\",\"url\":\"http:\\\/\\\/eegarage.com.tr\\\/wp-content\\\/uploads\\\/2026\\\/03\\\/WhatsApp-Image-2026-03-05-at-17.58.32.jpeg\",\"contentUrl\":\"http:\\\/\\\/eegarage.com.tr\\\/wp-content\\\/uploads\\\/2026\\\/03\\\/WhatsApp-Image-2026-03-05-at-17.58.32.jpeg\",\"width\":1600,\"height\":720},{\"@type\":\"BreadcrumbList\",\"@id\":\"http:\\\/\\\/eegarage.com.tr\\\/index.php\\\/iletisim\\\/#breadcrumb\",\"itemListElement\":[{\"@type\":\"ListItem\",\"position\":1,\"name\":\"Anasayfa\",\"item\":\"http:\\\/\\\/eegarage.com.tr\\\/\"},{\"@type\":\"ListItem\",\"position\":2,\"name\":\"\u0130leti\u015fim\"}]},{\"@type\":\"WebSite\",\"@id\":\"http:\\\/\\\/eegarage.com.tr\\\/#website\",\"url\":\"http:\\\/\\\/eegarage.com.tr\\\/\",\"name\":\"EE Garage\",\"description\":\"oto y\u0131kama, pasta cila\",\"publisher\":{\"@id\":\"http:\\\/\\\/eegarage.com.tr\\\/#\\\/schema\\\/person\\\/a589953834e5332bd84d1ef7d4a62cd8\"},\"alternateName\":\"oto y\u0131kama, pasta \u00e7ila\",\"potentialAction\":[{\"@type\":\"SearchAction\",\"target\":{\"@type\":\"EntryPoint\",\"urlTemplate\":\"http:\\\/\\\/eegarage.com.tr\\\/?s={search_term_string}\"},\"query-input\":{\"@type\":\"PropertyValueSpecification\",\"valueRequired\":true,\"valueName\":\"search_term_string\"}}],\"inLanguage\":\"tr\"},{\"@type\":[\"Person\",\"Organization\"],\"@id\":\"http:\\\/\\\/eegarage.com.tr\\\/#\\\/schema\\\/person\\\/a589953834e5332bd84d1ef7d4a62cd8\",\"name\":\"admin\",\"image\":{\"@type\":\"ImageObject\",\"inLanguage\":\"tr\",\"@id\":\"http:\\\/\\\/eegarage.com.tr\\\/wp-content\\\/uploads\\\/2026\\\/03\\\/cropped-kapak2-removebg-preview.png\",\"url\":\"http:\\\/\\\/eegarage.com.tr\\\/wp-content\\\/uploads\\\/2026\\\/03\\\/cropped-kapak2-removebg-preview.png\",\"contentUrl\":\"http:\\\/\\\/eegarage.com.tr\\\/wp-content\\\/uploads\\\/2026\\\/03\\\/cropped-kapak2-removebg-preview.png\",\"width\":240,\"height\":77,\"caption\":\"admin\"},\"logo\":{\"@id\":\"http:\\\/\\\/eegarage.com.tr\\\/wp-content\\\/uploads\\\/2026\\\/03\\\/cropped-kapak2-removebg-preview.png\"},\"sameAs\":[\"http:\\\/\\\/eegarage.com.tr\"]}]}<\/script>\n<!-- \/ Yoast SEO plugin. -->","yoast_head_json":{"title":"\u0130leti\u015fim - EE Garage","robots":{"index":"index","follow":"follow","max-snippet":"max-snippet:-1","max-image-preview":"max-image-preview:large","max-video-preview":"max-video-preview:-1"},"canonical":"http:\/\/eegarage.com.tr\/index.php\/iletisim\/","og_locale":"tr_TR","og_type":"article","og_title":"\u0130leti\u015fim - EE Garage","og_description":"Pa\u015fa Alan\u0131, 20. Sk., 10020 Yeni Sanayi\/Bal\u0131kesir eegarage10@gmail.com (+90)506 277 63 17","og_url":"http:\/\/eegarage.com.tr\/index.php\/iletisim\/","og_site_name":"EE Garage","article_modified_time":"2026-03-15T21:25:49+00:00","og_image":[{"url":"http:\/\/eegarage.com.tr\/wp-content\/uploads\/2026\/03\/WhatsApp-Image-2026-03-05-at-17.58.32-1024x461.jpeg","type":"","width":"","height":""}],"twitter_card":"summary_large_image","twitter_misc":{"Tahmini okuma s\u00fcresi":"2 dakika"},"schema":{"@context":"https:\/\/schema.org","@graph":[{"@type":"WebPage","@id":"http:\/\/eegarage.com.tr\/index.php\/iletisim\/","url":"http:\/\/eegarage.com.tr\/index.php\/iletisim\/","name":"\u0130leti\u015fim - EE Garage","isPartOf":{"@id":"http:\/\/eegarage.com.tr\/#website"},"primaryImageOfPage":{"@id":"http:\/\/eegarage.com.tr\/index.php\/iletisim\/#primaryimage"},"image":{"@id":"http:\/\/eegarage.com.tr\/index.php\/iletisim\/#primaryimage"},"thumbnailUrl":"http:\/\/eegarage.com.tr\/wp-content\/uploads\/2026\/03\/WhatsApp-Image-2026-03-05-at-17.58.32-1024x461.jpeg","datePublished":"2026-03-15T08:30:16+00:00","dateModified":"2026-03-15T21:25:49+00:00","breadcrumb":{"@id":"http:\/\/eegarage.com.tr\/index.php\/iletisim\/#breadcrumb"},"inLanguage":"tr","potentialAction":[{"@type":"ReadAction","target":["http:\/\/eegarage.com.tr\/index.php\/iletisim\/"]}]},{"@type":"ImageObject","inLanguage":"tr","@id":"http:\/\/eegarage.com.tr\/index.php\/iletisim\/#primaryimage","url":"http:\/\/eegarage.com.tr\/wp-content\/uploads\/2026\/03\/WhatsApp-Image-2026-03-05-at-17.58.32.jpeg","contentUrl":"http:\/\/eegarage.com.tr\/wp-content\/uploads\/2026\/03\/WhatsApp-Image-2026-03-05-at-17.58.32.jpeg","width":1600,"height":720},{"@type":"BreadcrumbList","@id":"http:\/\/eegarage.com.tr\/index.php\/iletisim\/#breadcrumb","itemListElement":[{"@type":"ListItem","position":1,"name":"Anasayfa","item":"http:\/\/eegarage.com.tr\/"},{"@type":"ListItem","position":2,"name":"\u0130leti\u015fim"}]},{"@type":"WebSite","@id":"http:\/\/eegarage.com.tr\/#website","url":"http:\/\/eegarage.com.tr\/","name":"EE Garage","description":"oto y\u0131kama, pasta cila","publisher":{"@id":"http:\/\/eegarage.com.tr\/#\/schema\/person\/a589953834e5332bd84d1ef7d4a62cd8"},"alternateName":"oto y\u0131kama, pasta \u00e7ila","potentialAction":[{"@type":"SearchAction","target":{"@type":"EntryPoint","urlTemplate":"http:\/\/eegarage.com.tr\/?s={search_term_string}"},"query-input":{"@type":"PropertyValueSpecification","valueRequired":true,"valueName":"search_term_string"}}],"inLanguage":"tr"},{"@type":["Person","Organization"],"@id":"http:\/\/eegarage.com.tr\/#\/schema\/person\/a589953834e5332bd84d1ef7d4a62cd8","name":"admin","image":{"@type":"ImageObject","inLanguage":"tr","@id":"http:\/\/eegarage.com.tr\/wp-content\/uploads\/2026\/03\/cropped-kapak2-removebg-preview.png","url":"http:\/\/eegarage.com.tr\/wp-content\/uploads\/2026\/03\/cropped-kapak2-removebg-preview.png","contentUrl":"http:\/\/eegarage.com.tr\/wp-content\/uploads\/2026\/03\/cropped-kapak2-removebg-preview.png","width":240,"height":77,"caption":"admin"},"logo":{"@id":"http:\/\/eegarage.com.tr\/wp-content\/uploads\/2026\/03\/cropped-kapak2-removebg-preview.png"},"sameAs":["http:\/\/eegarage.com.tr"]}]}},"jetpack_sharing_enabled":true,"_links":{"self":[{"href":"http:\/\/eegarage.com.tr\/index.php\/wp-json\/wp\/v2\/pages\/142","targetHints":{"allow":["GET"]}}],"collection":[{"href":"http:\/\/eegarage.com.tr\/index.php\/wp-json\/wp\/v2\/pages"}],"about":[{"href":"http:\/\/eegarage.com.tr\/index.php\/wp-json\/wp\/v2\/types\/page"}],"author":[{"embeddable":true,"href":"http:\/\/eegarage.com.tr\/index.php\/wp-json\/wp\/v2\/users\/1"}],"replies":[{"embeddable":true,"href":"http:\/\/eegarage.com.tr\/index.php\/wp-json\/wp\/v2\/comments?post=142"}],"version-history":[{"count":33,"href":"http:\/\/eegarage.com.tr\/index.php\/wp-json\/wp\/v2\/pages\/142\/revisions"}],"predecessor-version":[{"id":225,"href":"http:\/\/eegarage.com.tr\/index.php\/wp-json\/wp\/v2\/pages\/142\/revisions\/225"}],"wp:attachment":[{"href":"http:\/\/eegarage.com.tr\/index.php\/wp-json\/wp\/v2\/media?parent=142"}],"curies":[{"name":"wp","href":"https:\/\/api.w.org\/{rel}","templated":true}]}}